{"id":377,"date":"2020-08-28T19:22:29","date_gmt":"2020-08-28T19:22:29","guid":{"rendered":"https:\/\/ledomainebalmoral.com\/lifestyle\/"},"modified":"2025-01-04T19:56:33","modified_gmt":"2025-01-04T19:56:33","slug":"lifestyle","status":"publish","type":"page","link":"https:\/\/ledomainebalmoral.com\/en\/lifestyle\/","title":{"rendered":"Lifestyle"},"content":{"rendered":"<p>[et_pb_section fb_built=&#8221;1&#8243; custom_padding_last_edited=&#8221;on|phone&#8221; _builder_version=&#8221;4.16&#8243; _module_preset=&#8221;default&#8221; background_image=&#8221;https:\/\/ledomainebalmoral.com\/wp-content\/uploads\/2020\/08\/2.jpg&#8221; custom_padding=&#8221;332px||32px|||&#8221; custom_padding_tablet=&#8221;0px||0px||false|false&#8221; custom_padding_phone=&#8221;&#8221; background_last_edited=&#8221;on|phone&#8221; background_size_tablet=&#8221;initial&#8221; background_size_phone=&#8221;initial&#8221; background_position_phone=&#8221;center_left&#8221; global_colors_info=&#8221;{}&#8221;][et_pb_row column_structure=&#8221;3_5,2_5&#8243; _builder_version=&#8221;4.16&#8243; _module_preset=&#8221;default&#8221; max_width=&#8221;1440px&#8221; global_colors_info=&#8221;{}&#8221;][et_pb_column type=&#8221;3_5&#8243; _builder_version=&#8221;4.16&#8243; _module_preset=&#8221;default&#8221; global_colors_info=&#8221;{}&#8221;][\/et_pb_column][et_pb_column type=&#8221;2_5&#8243; _builder_version=&#8221;4.16&#8243; _module_preset=&#8221;default&#8221; global_colors_info=&#8221;{}&#8221;][et_pb_text _builder_version=&#8221;4.16&#8243; _module_preset=&#8221;default&#8221; header_font=&#8221;|600|||||||&#8221; header_text_align=&#8221;right&#8221; header_text_color=&#8221;#ffffff&#8221; header_font_size=&#8221;100px&#8221; width_tablet=&#8221;&#8221; width_phone=&#8221;100%&#8221; width_last_edited=&#8221;on|phone&#8221; max_width=&#8221;100%&#8221; custom_margin=&#8221;|0px|||false|false&#8221; custom_padding_tablet=&#8221;&#8221; custom_padding_phone=&#8221;|0px||0px|false|false&#8221; custom_padding_last_edited=&#8221;on|phone&#8221; header_font_size_tablet=&#8221;85px&#8221; header_font_size_phone=&#8221;60px&#8221; header_font_size_last_edited=&#8221;on|phone&#8221; header_line_height_tablet=&#8221;1em&#8221; header_line_height_phone=&#8221;1em&#8221; header_line_height_last_edited=&#8221;on|desktop&#8221; global_colors_info=&#8221;{}&#8221;]<\/p>\n<h1><span style=\"font-size: bigger;\">Life<\/span><\/h1>\n<h1><span style=\"font-size: smaller;\">style <\/span><span style=\"font-size: bigger;\"> <\/span> <\/h1>\n<p>[\/et_pb_text][\/et_pb_column][\/et_pb_row][\/et_pb_section][et_pb_section fb_built=&#8221;1&#8243; _builder_version=&#8221;4.27.4&#8243; _module_preset=&#8221;default&#8221; custom_padding=&#8221;100px||100px||false|false&#8221; global_colors_info=&#8221;{}&#8221;][et_pb_row column_structure=&#8221;3_5,2_5&#8243; _builder_version=&#8221;4.27.4&#8243; _module_preset=&#8221;default&#8221; max_width=&#8221;1440px&#8221; custom_padding=&#8221;||0px|||&#8221; border_color_all=&#8221;RGBA(255,255,255,0)&#8221; border_style_all=&#8221;none&#8221; border_width_bottom=&#8221;3px&#8221; border_color_bottom=&#8221;#ad9600&#8243; global_colors_info=&#8221;{}&#8221;][et_pb_column type=&#8221;3_5&#8243; _builder_version=&#8221;4.16&#8243; _module_preset=&#8221;default&#8221; global_colors_info=&#8221;{}&#8221;][et_pb_text _builder_version=&#8221;4.16&#8243; _module_preset=&#8221;default&#8221; text_text_color=&#8221;#767063&#8243; text_font_size=&#8221;19px&#8221; text_line_height=&#8221;2.3em&#8221; header_font=&#8221;|700||||on|||&#8221; header_text_color=&#8221;#9cad69&#8243; header_font_size=&#8221;38px&#8221; header_2_font=&#8221;|700|||||||&#8221; header_2_text_color=&#8221;#767063&#8243; header_2_font_size=&#8221;42px&#8221; header_3_font=&#8221;|700|||||||&#8221; header_3_text_color=&#8221;#767063&#8243; header_3_font_size=&#8221;33px&#8221; global_colors_info=&#8221;{}&#8221;]<\/p>\n<h2><span data-contrast=\"none\">A spectacular region<\/span><\/h2>\n<p><span data-contrast=\"none\">Domaine Balmoral is located in Morin-<\/span><span data-contrast=\"none\">Heights<\/span><span data-contrast=\"none\">, near Saint-Sauveur, in a pastoral environment renowned, winter and summer, for its rich cultural activity, many recreational facilities and excellent restaurants. Situated along a mountainside, Balmoral is a heavenly spot for a family residence, to raise children, or for a secondary residence.<\/span><span data-ccp-props=\"{\"201341983\":0,\"335559739\":160,\"335559740\":259}\"> <\/span><\/p>\n<p>[\/et_pb_text][\/et_pb_column][et_pb_column type=&#8221;2_5&#8243; _builder_version=&#8221;4.27.4&#8243; _module_preset=&#8221;default&#8221; background_enable_color=&#8221;off&#8221; custom_padding=&#8221;15px|15px|20px|15px|false|false&#8221; global_colors_info=&#8221;{}&#8221;][et_pb_image src=&#8221;https:\/\/ledomainebalmoral.com\/wp-content\/uploads\/2024\/12\/balmoral-style-de-vie-2024.jpg&#8221; title_text=&#8221;balmoral-style-de-vie-2024&#8243; align=&#8221;center&#8221; src_tablet=&#8221;https:\/\/ledomainebalmoral.com\/wp-content\/uploads\/2020\/08\/intro_bg_fr.jpg&#8221; src_phone=&#8221;https:\/\/ledomainebalmoral.com\/wp-content\/uploads\/2020\/08\/intro_bg_fr.jpg&#8221; src_last_edited=&#8221;on|tablet&#8221; disabled_on=&#8221;off|off|off&#8221; _builder_version=&#8221;4.27.4&#8243; _module_preset=&#8221;default&#8221; global_colors_info=&#8221;{}&#8221;][\/et_pb_image][\/et_pb_column][\/et_pb_row][et_pb_row column_structure=&#8221;2_5,3_5&#8243; use_custom_gutter=&#8221;on&#8221; custom_padding_last_edited=&#8221;on|tablet&#8221; module_class=&#8221;custom_row&#8221; _builder_version=&#8221;4.27.4&#8243; _module_preset=&#8221;default&#8221; max_width=&#8221;1440px&#8221; custom_padding=&#8221;99px|||||&#8221; custom_padding_tablet=&#8221;70px||0px||false|false&#8221; custom_padding_phone=&#8221;&#8221; border_color_all=&#8221;RGBA(255,255,255,0)&#8221; global_colors_info=&#8221;{}&#8221;][et_pb_column type=&#8221;2_5&#8243; module_class=&#8221;second-on-mobile&#8221; _builder_version=&#8221;4.16&#8243; _module_preset=&#8221;default&#8221; global_colors_info=&#8221;{}&#8221;][et_pb_image src=&#8221;https:\/\/ledomainebalmoral.com\/wp-content\/uploads\/2020\/08\/golf-balmoral.jpg&#8221; title_text=&#8221;golf-balmoral&#8221; force_fullwidth=&#8221;on&#8221; module_class=&#8221;second-on-mobile&#8221; _builder_version=&#8221;4.16&#8243; _module_preset=&#8221;default&#8221; min_height_tablet=&#8221;&#8221; min_height_phone=&#8221;&#8221; min_height_last_edited=&#8221;on|tablet&#8221; height_tablet=&#8221;&#8221; height_phone=&#8221;&#8221; height_last_edited=&#8221;on|tablet&#8221; max_height_tablet=&#8221;&#8221; max_height_phone=&#8221;&#8221; max_height_last_edited=&#8221;on|desktop&#8221; custom_margin_tablet=&#8221;15px||||false|false&#8221; custom_margin_phone=&#8221;15px||||false|false&#8221; custom_margin_last_edited=&#8221;on|desktop&#8221; global_colors_info=&#8221;{}&#8221;][\/et_pb_image][\/et_pb_column][et_pb_column type=&#8221;3_5&#8243; _builder_version=&#8221;4.16&#8243; _module_preset=&#8221;default&#8221; global_colors_info=&#8221;{}&#8221;][et_pb_text module_class=&#8221;first-on-mobile&#8221; _builder_version=&#8221;4.16&#8243; _module_preset=&#8221;default&#8221; text_text_color=&#8221;#767063&#8243; text_font_size=&#8221;19px&#8221; text_line_height=&#8221;2.3em&#8221; header_font=&#8221;|700||||on|||&#8221; header_text_color=&#8221;#9cad69&#8243; header_font_size=&#8221;38px&#8221; header_2_font=&#8221;|700|||||||&#8221; header_2_text_color=&#8221;#767063&#8243; header_2_font_size=&#8221;42px&#8221; header_3_font=&#8221;|700|||||||&#8221; header_3_text_color=&#8221;#767063&#8243; header_3_font_size=&#8221;33px&#8221; custom_margin=&#8221;||12px|||&#8221; global_colors_info=&#8221;{}&#8221;]<\/p>\n<h2><span data-contrast=\"none\">Amid nature<\/span><span data-ccp-props=\"{\"201341983\":0,\"335559739\":160,\"335559740\":259}\"> <\/span><\/h2>\n<p><span data-contrast=\"none\">We can ski when we wish along the trails of the many ski resorts in the region. We also have access to the linear park, P\u2019tit train du Nord, that crosses the Laurentides north to south and the Corridor A\u00e9robique, a 58-km network a few minutes from home.<\/span><span data-ccp-props=\"{\"201341983\":0,\"335559739\":160,\"335559740\":259}\"> <\/span><\/p>\n<p><span data-ccp-props=\"{\"201341983\":0,\"335559739\":160,\"335559740\":259}\"><\/span><\/p>\n<p><span data-contrast=\"none\">Balmoral is a harmonious community where untamed nature and spectacular residential development blend together, quite simply. It is not unusual to observe wild geese, deer and many species of birds sharing our environment.<\/span><span data-ccp-props=\"{\"201341983\":0,\"335559739\":160,\"335559740\":259}\"> <\/span><\/p>\n<p>[\/et_pb_text][et_pb_text _builder_version=&#8221;4.16&#8243; _module_preset=&#8221;default&#8221; text_text_color=&#8221;#767063&#8243; text_font_size=&#8221;19px&#8221; text_line_height=&#8221;2.3em&#8221; header_font=&#8221;|700||||on|||&#8221; header_text_color=&#8221;#9cad69&#8243; header_font_size=&#8221;38px&#8221; header_2_font=&#8221;|700|||||||&#8221; header_2_text_color=&#8221;#767063&#8243; header_2_font_size=&#8221;42px&#8221; header_3_font=&#8221;|700|||||||&#8221; header_3_text_color=&#8221;#767063&#8243; header_3_font_size=&#8221;33px&#8221; global_colors_info=&#8221;{}&#8221;]<\/p>\n<h2><span data-contrast=\"none\">Our playground<\/span><span data-ccp-props=\"{\" 201341983=\"\" :0=\"\" 335559739=\"\" :160=\"\" 335559740=\"\" :259=\"\"> <\/span><\/h2>\n<p><span data-contrast=\"none\">You could also become a member of the highly exclusive <a href=\"https:\/\/www.lebalmoral.ca\/?lang=en\">Balmoral Golf Club<\/a>, which features a practice range, swimming pool, tennis court, and restaurant. The course itself is a masterpiece designed by Graham Cooke, a renowned architect and prominent golfer.<\/span><span data-ccp-props=\"{\" 201341983=\"\" :0=\"\" 335559739=\"\" :160=\"\" 335559740=\"\" :259=\"\"> <\/span><\/p>\n<p><span data-ccp-props=\"{\" 201341983=\"\" :0=\"\" 335559739=\"\" :160=\"\" 335559740=\"\" :259=\"\"><\/span><\/p>\n<p><span data-contrast=\"none\">The 18 hole golf course<\/span><span data-contrast=\"none\"> is laid out amidst a mature forest offering superb panoramas where wildlife and vegetation have free rein. The memorable course offers stimulating challenges to golfers of all levels.<\/span><\/p>\n<p>[\/et_pb_text][\/et_pb_column][\/et_pb_row][et_pb_row _builder_version=&#8221;4.27.4&#8243; _module_preset=&#8221;default&#8221; width_tablet=&#8221;80%&#8221; width_phone=&#8221;&#8221; width_last_edited=&#8221;on|tablet&#8221; max_width=&#8221;1440px&#8221; border_style_all=&#8221;none&#8221; global_colors_info=&#8221;{}&#8221;][et_pb_column type=&#8221;4_4&#8243; _builder_version=&#8221;4.16&#8243; _module_preset=&#8221;default&#8221; global_colors_info=&#8221;{}&#8221;][et_pb_text _builder_version=&#8221;4.16&#8243; _module_preset=&#8221;default&#8221; text_text_color=&#8221;#767063&#8243; text_font_size=&#8221;19px&#8221; text_line_height=&#8221;2.3em&#8221; header_font=&#8221;|700||||on|||&#8221; header_text_color=&#8221;#9cad69&#8243; header_font_size=&#8221;38px&#8221; header_2_font=&#8221;|700|||||||&#8221; header_2_text_color=&#8221;#767063&#8243; header_2_font_size=&#8221;42px&#8221; header_3_font=&#8221;|700|||||||&#8221; header_3_text_color=&#8221;#767063&#8243; header_3_font_size=&#8221;33px&#8221; global_colors_info=&#8221;{}&#8221;]<\/p>\n<h2><span data-contrast=\"none\">A peaceful environment<\/span><span data-ccp-props=\"{\"201341983\":0,\"335559739\":160,\"335559740\":259}\"> <\/span><\/h2>\n<p><span data-contrast=\"none\">Balmoral is a community organized around the interests of its homeowners. Sophisticated landscaping and architecture, a safe haven for families, exquisite property development, a celebration of nature\u2026 Your home is a gem that will gain in value and splendour.<\/span><span data-contrast=\"none\">.<\/span><\/p>\n<p>[\/et_pb_text][\/et_pb_column][\/et_pb_row][et_pb_row module_class=&#8221;custom_row&#8221; _builder_version=&#8221;4.27.4&#8243; _module_preset=&#8221;default&#8221; width_tablet=&#8221;80%&#8221; width_phone=&#8221;&#8221; width_last_edited=&#8221;on|tablet&#8221; max_width=&#8221;1440px&#8221; global_colors_info=&#8221;{}&#8221;][et_pb_column type=&#8221;4_4&#8243; _builder_version=&#8221;4.16&#8243; _module_preset=&#8221;default&#8221; global_colors_info=&#8221;{}&#8221;][et_pb_text _builder_version=&#8221;4.16&#8243; _module_preset=&#8221;default&#8221; text_text_color=&#8221;#767063&#8243; text_font_size=&#8221;19px&#8221; text_line_height=&#8221;2.3em&#8221; header_font=&#8221;|700||||on|||&#8221; header_text_color=&#8221;#9cad69&#8243; header_font_size=&#8221;38px&#8221; header_2_font=&#8221;|700|||||||&#8221; header_2_text_color=&#8221;#767063&#8243; header_2_font_size=&#8221;42px&#8221; header_3_font=&#8221;|700|||||||&#8221; header_3_text_color=&#8221;#767063&#8243; header_3_font_size=&#8221;33px&#8221; global_colors_info=&#8221;{}&#8221;]<\/p>\n<h2 aria-level=\"3\">Practical websites<span data-ccp-props=\"{\"134233117\":true,\"134233118\":true,\"201341983\":0,\"335559740\":240}\"> <\/span><\/h2>\n<p>[\/et_pb_text][\/et_pb_column][\/et_pb_row][et_pb_row column_structure=&#8221;1_3,2_3&#8243; make_equal=&#8221;on&#8221; module_class=&#8221;custom_row&#8221; _builder_version=&#8221;4.27.4&#8243; _module_preset=&#8221;default&#8221; width_tablet=&#8221;80%&#8221; width_phone=&#8221;&#8221; width_last_edited=&#8221;on|tablet&#8221; max_width=&#8221;1440px&#8221; custom_margin=&#8221;-11px|auto||auto||&#8221; custom_padding=&#8221;0px|||||&#8221; global_colors_info=&#8221;{}&#8221;][et_pb_column type=&#8221;1_3&#8243; module_class=&#8221;second-on-mobile&#8221; _builder_version=&#8221;4.16&#8243; _module_preset=&#8221;default&#8221; global_colors_info=&#8221;{}&#8221;][et_pb_text _builder_version=&#8221;4.16&#8243; _module_preset=&#8221;default&#8221; text_font_size=&#8221;19px&#8221; text_line_height=&#8221;2.3em&#8221; link_text_color=&#8221;#755c48&#8243; header_2_font=&#8221;|||on|||||&#8221; header_2_font_size=&#8221;27px&#8221; custom_margin=&#8221;-2px|||||&#8221; text_orientation_tablet=&#8221;center&#8221; text_orientation_phone=&#8221;center&#8221; text_orientation_last_edited=&#8221;on|desktop&#8221; global_colors_info=&#8221;{}&#8221;]<\/p>\n<h2 aria-level=\"3\"><\/h2>\n<p><a href=\"http:\/\/www.laurentides.com\/fr\" target=\"_blank\" rel=\"noopener noreferrer\"><span data-contrast=\"none\">Tourisme Laurentides<\/span><span data-contrast=\"none\"> <\/span><span><br \/> <\/span><\/a><a href=\"https:\/\/www.sommets.com\/fr\/\" target=\"_blank\" rel=\"noopener noreferrer\"><span data-contrast=\"none\">Ski Morin <\/span><span data-contrast=\"none\">Heights<\/span><span><br \/> <\/span><\/a><a href=\"https:\/\/www.sommets.com\/fr\/\" target=\"_blank\" rel=\"noopener noreferrer\"><span data-contrast=\"none\">Ski Mont Saint-Sauveur<\/span><span><br \/> <\/span><\/a><a href=\"http:\/\/www.lebalmoral.ca\/\" target=\"_blank\" rel=\"noopener noreferrer\"><span data-contrast=\"none\">Golf Le Balmoral<\/span><span><br \/> <\/span><\/a><a href=\"https:\/\/www.valleesaintsauveur.com\/\" target=\"_blank\" rel=\"noopener noreferrer\"><span data-contrast=\"none\">Vall\u00e9e de Saint-Sauveur<\/span><span><br \/> <\/span><\/a><a href=\"https:\/\/www.morinheights.com\/\" target=\"_blank\" rel=\"noopener noreferrer\"><span data-contrast=\"none\">Municipalit\u00e9 de Morin-<\/span><span data-contrast=\"none\">Heights<\/span><span data-contrast=\"none\"> <\/span><span><br \/> <\/span><\/a><a href=\"https:\/\/lespaysdenhaut.com\/\" target=\"_blank\" rel=\"noopener noreferrer\"><span data-contrast=\"none\">MRC des <\/span><span data-contrast=\"none\">Pays-d\u2019en-Haut<\/span><span><br \/> <\/span><\/a><a href=\"https:\/\/www.sq.gouv.qc.ca\/\" target=\"_blank\" rel=\"noopener noreferrer\"><span data-contrast=\"none\">S\u00fbret\u00e9 du Qu\u00e9bec<\/span><span data-ccp-props=\"{\"134233117\":true,\"134233118\":true,\"201341983\":0,\"335559740\":240}\"> <\/span><\/a><\/p>\n<p>[\/et_pb_text][\/et_pb_column][et_pb_column type=&#8221;2_3&#8243; module_class=&#8221;first-on-mobile&#8221; _builder_version=&#8221;4.27.4&#8243; _module_preset=&#8221;default&#8221; custom_css_main_element=&#8221;display:flex;||align-items:center;&#8221; global_colors_info=&#8221;{}&#8221;][et_pb_image src=&#8221;https:\/\/ledomainebalmoral.com\/wp-content\/uploads\/2020\/08\/map.jpg&#8221; title_text=&#8221;map&#8221; _builder_version=&#8221;4.16&#8243; _module_preset=&#8221;default&#8221; custom_margin=&#8221;0px|||-50px|false|false&#8221; custom_padding=&#8221;|||0px||&#8221; global_colors_info=&#8221;{}&#8221;][\/et_pb_image][\/et_pb_column][\/et_pb_row][\/et_pb_section]<\/p>\n","protected":false},"excerpt":{"rendered":"<p>Life style A spectacular region Domaine Balmoral is located in Morin-Heights, near Saint-Sauveur, in a pastoral environment renowned, winter and summer, for its rich cultural activity, many recreational facilities and excellent restaurants. Situated along a mountainside, Balmoral is a heavenly spot for a family residence, to raise children, or for a secondary residence. Amid nature [&hellip;]<\/p>\n","protected":false},"author":1,"featured_media":0,"parent":0,"menu_order":0,"comment_status":"closed","ping_status":"closed","template":"","meta":{"_acf_changed":false,"_et_pb_use_builder":"on","_et_pb_old_content":"","_et_gb_content_width":"","footnotes":""},"class_list":["post-377","page","type-page","status-publish","hentry"],"acf":[],"yoast_head":"<!-- This site is optimized with the Yoast SEO plugin v26.5 - https:\/\/yoast.com\/wordpress\/plugins\/seo\/ -->\n<title>Lifestyle - Domaine Balmoral<\/title>\n<meta name=\"robots\" content=\"index, follow, max-snippet:-1, max-image-preview:large, max-video-preview:-1\" \/>\n<link rel=\"canonical\" href=\"https:\/\/ledomainebalmoral.com\/en\/lifestyle\/\" \/>\n<meta property=\"og:locale\" content=\"en_US\" \/>\n<meta property=\"og:type\" content=\"article\" \/>\n<meta property=\"og:title\" content=\"Lifestyle - Domaine Balmoral\" \/>\n<meta property=\"og:description\" content=\"Life style A spectacular region Domaine Balmoral is located in Morin-Heights, near Saint-Sauveur, in a pastoral environment renowned, winter and summer, for its rich cultural activity, many recreational facilities and excellent restaurants. Situated along a mountainside, Balmoral is a heavenly spot for a family residence, to raise children, or for a secondary residence. Amid nature [&hellip;]\" \/>\n<meta property=\"og:url\" content=\"https:\/\/ledomainebalmoral.com\/en\/lifestyle\/\" \/>\n<meta property=\"og:site_name\" content=\"Domaine Balmoral\" \/>\n<meta property=\"article:modified_time\" content=\"2025-01-04T19:56:33+00:00\" \/>\n<meta name=\"twitter:card\" content=\"summary_large_image\" \/>\n<meta name=\"twitter:label1\" content=\"Est. reading time\" \/>\n\t<meta name=\"twitter:data1\" content=\"7 minutes\" \/>\n<script type=\"application\/ld+json\" class=\"yoast-schema-graph\">{\"@context\":\"https:\/\/schema.org\",\"@graph\":[{\"@type\":\"WebPage\",\"@id\":\"https:\/\/ledomainebalmoral.com\/en\/lifestyle\/\",\"url\":\"https:\/\/ledomainebalmoral.com\/en\/lifestyle\/\",\"name\":\"Lifestyle - Domaine Balmoral\",\"isPartOf\":{\"@id\":\"https:\/\/ledomainebalmoral.com\/en\/#website\"},\"datePublished\":\"2020-08-28T19:22:29+00:00\",\"dateModified\":\"2025-01-04T19:56:33+00:00\",\"breadcrumb\":{\"@id\":\"https:\/\/ledomainebalmoral.com\/en\/lifestyle\/#breadcrumb\"},\"inLanguage\":\"en-CA\",\"potentialAction\":[{\"@type\":\"ReadAction\",\"target\":[\"https:\/\/ledomainebalmoral.com\/en\/lifestyle\/\"]}]},{\"@type\":\"BreadcrumbList\",\"@id\":\"https:\/\/ledomainebalmoral.com\/en\/lifestyle\/#breadcrumb\",\"itemListElement\":[{\"@type\":\"ListItem\",\"position\":1,\"name\":\"Accueil\",\"item\":\"https:\/\/ledomainebalmoral.com\/en\/\"},{\"@type\":\"ListItem\",\"position\":2,\"name\":\"Lifestyle\"}]},{\"@type\":\"WebSite\",\"@id\":\"https:\/\/ledomainebalmoral.com\/en\/#website\",\"url\":\"https:\/\/ledomainebalmoral.com\/en\/\",\"name\":\"Domaine Bal Moral\",\"description\":\"Joyau des Laurentides\",\"publisher\":{\"@id\":\"https:\/\/ledomainebalmoral.com\/en\/#organization\"},\"potentialAction\":[{\"@type\":\"SearchAction\",\"target\":{\"@type\":\"EntryPoint\",\"urlTemplate\":\"https:\/\/ledomainebalmoral.com\/en\/?s={search_term_string}\"},\"query-input\":{\"@type\":\"PropertyValueSpecification\",\"valueRequired\":true,\"valueName\":\"search_term_string\"}}],\"inLanguage\":\"en-CA\"},{\"@type\":\"Organization\",\"@id\":\"https:\/\/ledomainebalmoral.com\/en\/#organization\",\"name\":\"Domaine Balmoral\",\"url\":\"https:\/\/ledomainebalmoral.com\/en\/\",\"logo\":{\"@type\":\"ImageObject\",\"inLanguage\":\"en-CA\",\"@id\":\"https:\/\/ledomainebalmoral.com\/en\/#\/schema\/logo\/image\/\",\"url\":\"https:\/\/ledomainebalmoral.com\/wp-content\/uploads\/2020\/08\/balmoral-logo.png\",\"contentUrl\":\"https:\/\/ledomainebalmoral.com\/wp-content\/uploads\/2020\/08\/balmoral-logo.png\",\"width\":290,\"height\":202,\"caption\":\"Domaine Balmoral\"},\"image\":{\"@id\":\"https:\/\/ledomainebalmoral.com\/en\/#\/schema\/logo\/image\/\"}}]}<\/script>\n<!-- \/ Yoast SEO plugin. -->","yoast_head_json":{"title":"Lifestyle - Domaine Balmoral","robots":{"index":"index","follow":"follow","max-snippet":"max-snippet:-1","max-image-preview":"max-image-preview:large","max-video-preview":"max-video-preview:-1"},"canonical":"https:\/\/ledomainebalmoral.com\/en\/lifestyle\/","og_locale":"en_US","og_type":"article","og_title":"Lifestyle - Domaine Balmoral","og_description":"Life style A spectacular region Domaine Balmoral is located in Morin-Heights, near Saint-Sauveur, in a pastoral environment renowned, winter and summer, for its rich cultural activity, many recreational facilities and excellent restaurants. Situated along a mountainside, Balmoral is a heavenly spot for a family residence, to raise children, or for a secondary residence. Amid nature [&hellip;]","og_url":"https:\/\/ledomainebalmoral.com\/en\/lifestyle\/","og_site_name":"Domaine Balmoral","article_modified_time":"2025-01-04T19:56:33+00:00","twitter_card":"summary_large_image","twitter_misc":{"Est. reading time":"7 minutes"},"schema":{"@context":"https:\/\/schema.org","@graph":[{"@type":"WebPage","@id":"https:\/\/ledomainebalmoral.com\/en\/lifestyle\/","url":"https:\/\/ledomainebalmoral.com\/en\/lifestyle\/","name":"Lifestyle - Domaine Balmoral","isPartOf":{"@id":"https:\/\/ledomainebalmoral.com\/en\/#website"},"datePublished":"2020-08-28T19:22:29+00:00","dateModified":"2025-01-04T19:56:33+00:00","breadcrumb":{"@id":"https:\/\/ledomainebalmoral.com\/en\/lifestyle\/#breadcrumb"},"inLanguage":"en-CA","potentialAction":[{"@type":"ReadAction","target":["https:\/\/ledomainebalmoral.com\/en\/lifestyle\/"]}]},{"@type":"BreadcrumbList","@id":"https:\/\/ledomainebalmoral.com\/en\/lifestyle\/#breadcrumb","itemListElement":[{"@type":"ListItem","position":1,"name":"Accueil","item":"https:\/\/ledomainebalmoral.com\/en\/"},{"@type":"ListItem","position":2,"name":"Lifestyle"}]},{"@type":"WebSite","@id":"https:\/\/ledomainebalmoral.com\/en\/#website","url":"https:\/\/ledomainebalmoral.com\/en\/","name":"Domaine Bal Moral","description":"Joyau des Laurentides","publisher":{"@id":"https:\/\/ledomainebalmoral.com\/en\/#organization"},"potentialAction":[{"@type":"SearchAction","target":{"@type":"EntryPoint","urlTemplate":"https:\/\/ledomainebalmoral.com\/en\/?s={search_term_string}"},"query-input":{"@type":"PropertyValueSpecification","valueRequired":true,"valueName":"search_term_string"}}],"inLanguage":"en-CA"},{"@type":"Organization","@id":"https:\/\/ledomainebalmoral.com\/en\/#organization","name":"Domaine Balmoral","url":"https:\/\/ledomainebalmoral.com\/en\/","logo":{"@type":"ImageObject","inLanguage":"en-CA","@id":"https:\/\/ledomainebalmoral.com\/en\/#\/schema\/logo\/image\/","url":"https:\/\/ledomainebalmoral.com\/wp-content\/uploads\/2020\/08\/balmoral-logo.png","contentUrl":"https:\/\/ledomainebalmoral.com\/wp-content\/uploads\/2020\/08\/balmoral-logo.png","width":290,"height":202,"caption":"Domaine Balmoral"},"image":{"@id":"https:\/\/ledomainebalmoral.com\/en\/#\/schema\/logo\/image\/"}}]}},"_links":{"self":[{"href":"https:\/\/ledomainebalmoral.com\/en\/wp-json\/wp\/v2\/pages\/377","targetHints":{"allow":["GET"]}}],"collection":[{"href":"https:\/\/ledomainebalmoral.com\/en\/wp-json\/wp\/v2\/pages"}],"about":[{"href":"https:\/\/ledomainebalmoral.com\/en\/wp-json\/wp\/v2\/types\/page"}],"author":[{"embeddable":true,"href":"https:\/\/ledomainebalmoral.com\/en\/wp-json\/wp\/v2\/users\/1"}],"replies":[{"embeddable":true,"href":"https:\/\/ledomainebalmoral.com\/en\/wp-json\/wp\/v2\/comments?post=377"}],"version-history":[{"count":41,"href":"https:\/\/ledomainebalmoral.com\/en\/wp-json\/wp\/v2\/pages\/377\/revisions"}],"predecessor-version":[{"id":1747,"href":"https:\/\/ledomainebalmoral.com\/en\/wp-json\/wp\/v2\/pages\/377\/revisions\/1747"}],"wp:attachment":[{"href":"https:\/\/ledomainebalmoral.com\/en\/wp-json\/wp\/v2\/media?parent=377"}],"curies":[{"name":"wp","href":"https:\/\/api.w.org\/{rel}","templated":true}]}}